{"id":40,"date":"2016-05-02T12:04:16","date_gmt":"2016-05-02T09:04:16","guid":{"rendered":"http:\/\/www.normvalves.com\/cagiral\/wordpress\/?page_id=40"},"modified":"2016-07-25T13:40:36","modified_gmt":"2016-07-25T10:40:36","slug":"iletisim","status":"publish","type":"page","link":"https:\/\/www.cagiralmakina.com\/?page_id=40","title":{"rendered":"\u0130leti\u015fim"},"content":{"rendered":"<table>\n<tbody>\n<tr>\n<td colspan=\"2\"><strong>\u00a0\u00a0 \u00c7a\u011f\u0131ral Makina ve Oto Yan San. ve Tic. Ltd. \u015eti.<\/strong><\/td>\n<td rowspan=\"9\"><a href=\"http:\/\/www.cagiralmakina.com\/wp-content\/uploads\/cagiral_harita.jpg\"><img loading=\"lazy\" decoding=\"async\" class=\"alignnone wp-image-282\" src=\"http:\/\/www.cagiralmakina.com\/wp-content\/uploads\/cagiral_harita.jpg\" alt=\"cagiral_harita\" width=\"600\" height=\"350\" srcset=\"https:\/\/www.cagiralmakina.com\/wp-content\/uploads\/cagiral_harita.jpg 884w, https:\/\/www.cagiralmakina.com\/wp-content\/uploads\/cagiral_harita-300x175.jpg 300w, https:\/\/www.cagiralmakina.com\/wp-content\/uploads\/cagiral_harita-768x448.jpg 768w\" sizes=\"auto, (max-width: 600px) 100vw, 600px\" \/><\/a><\/td>\n<\/tr>\n<tr>\n<td>\n<ul>\n<li><strong>Adres: <\/strong>6106 \/ 9 Sokak No:7 Egemenlik Mah. D\u00f6k\u00fcmc\u00fcler Sitesi<strong><br \/>\nI\u015f\u0131kkent\/\u0130ZM\u0130R\/T\u00dcRK\u0130YE<br \/>\n<\/strong><\/li>\n<\/ul>\n<\/td>\n<\/tr>\n<tr>\n<td><\/td>\n<\/tr>\n<tr>\n<td>\n<ul>\n<li><strong>Telefon: 00-90-232-375-19-94<br \/>\n<\/strong><\/li>\n<\/ul>\n<\/td>\n<\/tr>\n<tr>\n<td><\/td>\n<\/tr>\n<tr>\n<td>\n<ul>\n<li><strong>Fax: 00-90-232-375-31-61<br \/>\n<\/strong><\/li>\n<\/ul>\n<\/td>\n<\/tr>\n<tr>\n<td><\/td>\n<\/tr>\n<tr>\n<td>\n<ul>\n<li><strong>Email: <a href=\"mailto:info@cagiralmakina.com\">info@cagiralmakina.com<\/a><br \/>\n<\/strong><\/li>\n<\/ul>\n<\/td>\n<\/tr>\n<tr>\n<td><\/td>\n<\/tr>\n<\/tbody>\n<\/table>\n","protected":false},"excerpt":{"rendered":"<p>\u00a0\u00a0 \u00c7a\u011f\u0131ral Makina ve Oto Yan San. ve Tic. Ltd. \u015eti. Adres: 6106 \/ 9 Sokak No:7 Egemenlik Mah. D\u00f6k\u00fcmc\u00fcler Sitesi I\u015f\u0131kkent\/\u0130ZM\u0130R\/T\u00dcRK\u0130YE Telefon: 00-90-232-375-19-94 Fax: 00-90-232-375-31-61 Email: info@cagiralmakina.com<\/p>\n","protected":false},"author":1,"featured_media":0,"parent":0,"menu_order":0,"comment_status":"open","ping_status":"open","template":"","meta":{"footnotes":""},"class_list":["post-40","page","type-page","status-publish","hentry"],"_links":{"self":[{"href":"https:\/\/www.cagiralmakina.com\/index.php?rest_route=\/wp\/v2\/pages\/40","targetHints":{"allow":["GET"]}}],"collection":[{"href":"https:\/\/www.cagiralmakina.com\/index.php?rest_route=\/wp\/v2\/pages"}],"about":[{"href":"https:\/\/www.cagiralmakina.com\/index.php?rest_route=\/wp\/v2\/types\/page"}],"author":[{"embeddable":true,"href":"https:\/\/www.cagiralmakina.com\/index.php?rest_route=\/wp\/v2\/users\/1"}],"replies":[{"embeddable":true,"href":"https:\/\/www.cagiralmakina.com\/index.php?rest_route=%2Fwp%2Fv2%2Fcomments&post=40"}],"version-history":[{"count":7,"href":"https:\/\/www.cagiralmakina.com\/index.php?rest_route=\/wp\/v2\/pages\/40\/revisions"}],"predecessor-version":[{"id":309,"href":"https:\/\/www.cagiralmakina.com\/index.php?rest_route=\/wp\/v2\/pages\/40\/revisions\/309"}],"wp:attachment":[{"href":"https:\/\/www.cagiralmakina.com\/index.php?rest_route=%2Fwp%2Fv2%2Fmedia&parent=40"}],"curies":[{"name":"wp","href":"https:\/\/api.w.org\/{rel}","templated":true}]}}