{"id":375,"date":"2022-04-17T20:24:16","date_gmt":"2022-04-17T17:24:16","guid":{"rendered":"https:\/\/www.cagiralmakina.com\/?page_id=375"},"modified":"2022-04-17T22:51:42","modified_gmt":"2022-04-17T19:51:42","slug":"teluro","status":"publish","type":"page","link":"https:\/\/www.cagiralmakina.com\/","title":{"rendered":"Front Page"},"content":{"rendered":"<div data-colibri-id=\"375-c1\" class=\"style-194 style-local-375-c1 position-relative\">\n  <!---->\n  <div data-colibri-component=\"section\" data-colibri-id=\"375-c2\" id=\"overlappable-5\" class=\"h-section h-section-global-spacing d-flex align-items-lg-center align-items-md-center align-items-center style-253 style-local-375-c2 position-relative\">\n    <!---->\n    <!---->\n    <div class=\"h-section-grid-container h-section-boxed-container\">\n      <!---->\n      <div data-colibri-id=\"375-c3\" class=\"h-row-container gutters-row-lg-0 gutters-row-md-0 gutters-row-2 gutters-row-v-lg-0 gutters-row-v-md-0 gutters-row-v-2 style-254 style-local-375-c3 position-relative\">\n        <!---->\n        <div class=\"h-row justify-content-lg-center justify-content-md-center justify-content-center align-items-lg-stretch align-items-md-stretch align-items-stretch gutters-col-lg-0 gutters-col-md-0 gutters-col-2 gutters-col-v-lg-0 gutters-col-v-md-0 gutters-col-v-2\">\n          <!---->\n          <div class=\"h-column h-column-container d-flex h-col-lg-4 h-col-md-4 h-col-12 style-255-outer style-local-375-c4-outer\">\n            <div data-colibri-id=\"375-c4\" class=\"d-flex h-flex-basis h-column__inner h-px-lg-3 h-px-md-3 h-px-2 v-inner-lg-3 v-inner-md-3 v-inner-2 style-255 style-local-375-c4 position-relative\">\n              <!---->\n              <!---->\n              <div class=\"w-100 h-y-container h-column__content h-column__v-align flex-basis-100 align-self-lg-center align-self-md-center align-self-center\">\n                <!---->\n                <div data-colibri-id=\"375-c5\" class=\"h-icon style-256 style-local-375-c5 position-relative h-element\">\n                  <!----><span class=\"h-svg-icon h-icon__icon style-256-icon style-local-375-c5-icon\"><!--Icon by Font Awesome (https:\/\/fontawesome.com)--><svg version=\"1.1\" xmlns=\"http:\/\/www.w3.org\/2000\/svg\" xmlns:xlink=\"http:\/\/www.w3.org\/1999\/xlink\" id=\"laptop\" viewBox=\"0 0 1920 1896.0833\"><path d=\"M416 1280q-66 0-113-47t-47-113V416q0-66 47-113t113-47h1088q66 0 113 47t47 113v704q0 66-47 113t-113 47H416zm-32-864v704q0 13 9.5 22.5t22.5 9.5h1088q13 0 22.5-9.5t9.5-22.5V416q0-13-9.5-22.5T1504 384H416q-13 0-22.5 9.5T384 416zm1376 928h160v96q0 40-47 68t-113 28H160q-66 0-113-28t-47-68v-96h1760zm-720 96q16 0 16-16t-16-16H880q-16 0-16 16t16 16h160z\"><\/path><\/svg><\/span><\/div>\n                <div\n                  data-colibri-id=\"375-c6\" class=\"h-global-transition-all h-heading style-257 style-local-375-c6 position-relative h-element\">\n                  <!---->\n                  <div class=\"h-heading__outer style-257 style-local-375-c6\">\n                    <!---->\n                    <!---->\n                    <h5 class=\"\">HAKK\u0130M\u0130ZDA<\/h5>\n                  <\/div>\n              <\/div>\n              <div data-colibri-id=\"375-c7\" class=\"h-text h-text-component style-258 style-local-375-c7 position-relative h-element\">\n                <!---->\n                <!---->\n                <div class=\"\">\n                  <p><span style=\"font-weight: 400; font-size: 14px; font-family: Raleway, sans-serif; color: rgb(0, 0, 0);\">\u00c7a\u011f\u0131ral Makina<\/span><\/p>\n                <\/div>\n              <\/div>\n            <\/div>\n          <\/div>\n        <\/div>\n        <div class=\"h-column h-column-container d-flex h-col-lg-4 h-col-md-4 h-col-12 style-255-outer style-local-375-c8-outer\">\n          <div data-colibri-id=\"375-c8\" class=\"d-flex h-flex-basis h-column__inner h-px-lg-3 h-px-md-3 h-px-2 v-inner-lg-3 v-inner-md-3 v-inner-2 style-255 style-local-375-c8 position-relative\">\n            <!---->\n            <!---->\n            <div class=\"w-100 h-y-container h-column__content h-column__v-align flex-basis-100 align-self-lg-center align-self-md-center align-self-center\">\n              <!---->\n              <div data-colibri-id=\"375-c9\" class=\"h-icon style-256 style-local-375-c9 position-relative h-element\">\n                <!----><span class=\"h-svg-icon h-icon__icon style-256-icon style-local-375-c9-icon\"><!--Icon by Font Awesome (https:\/\/fontawesome.com)--><svg version=\"1.1\" xmlns=\"http:\/\/www.w3.org\/2000\/svg\" xmlns:xlink=\"http:\/\/www.w3.org\/1999\/xlink\" id=\"magic\" viewBox=\"0 0 1664 1896.0833\"><path d=\"M1190 581l293-293-107-107-293 293zm447-293q0 27-18 45L333 1619q-18 18-45 18t-45-18L45 1421q-18-18-18-45t18-45L1331 45q18-18 45-18t45 18l198 198q18 18 18 45zM286 98l98 30-98 30-30 98-30-98-98-30 98-30 30-98zm350 162l196 60-196 60-60 196-60-196-196-60 196-60 60-196zm930 478l98 30-98 30-30 98-30-98-98-30 98-30 30-98zM926 98l98 30-98 30-30 98-30-98-98-30 98-30 30-98z\"><\/path><\/svg><\/span><\/div>\n              <div\n                data-colibri-id=\"375-c10\" class=\"h-global-transition-all h-heading style-257 style-local-375-c10 position-relative h-element\">\n                <!---->\n                <div class=\"h-heading__outer style-257 style-local-375-c10\">\n                  <!---->\n                  <!---->\n                  <h5 class=\"\">\u00dcR\u00dcNLER\u0130M\u0130Z<\/h5>\n                <\/div>\n            <\/div>\n            <div data-colibri-id=\"375-c11\" class=\"h-text h-text-component style-258 style-local-375-c11 position-relative h-element\">\n              <!---->\n              <!---->\n              <div class=\"\">\n                <p><span style=\"font-weight: 400; font-size: 14px; font-family: Raleway, sans-serif; color: rgb(0, 0, 0);\">Vanalar<\/span><\/p>\n              <\/div>\n            <\/div>\n          <\/div>\n        <\/div>\n      <\/div>\n      <div class=\"h-column h-column-container d-flex h-col-lg-4 h-col-md-4 h-col-12 style-255-outer style-local-375-c12-outer\">\n        <div data-colibri-id=\"375-c12\" class=\"d-flex h-flex-basis h-column__inner h-px-lg-3 h-px-md-3 h-px-2 v-inner-lg-3 v-inner-md-3 v-inner-2 style-255 style-local-375-c12 position-relative\">\n          <!---->\n          <!---->\n          <div class=\"w-100 h-y-container h-column__content h-column__v-align flex-basis-100 align-self-lg-center align-self-md-center align-self-center\">\n            <!---->\n            <div data-colibri-id=\"375-c13\" class=\"h-icon style-256 style-local-375-c13 position-relative h-element\">\n              <!----><span class=\"h-svg-icon h-icon__icon style-256-icon style-local-375-c13-icon\"><!--Icon by Font Awesome (https:\/\/fontawesome.com)--><svg version=\"1.1\" xmlns=\"http:\/\/www.w3.org\/2000\/svg\" xmlns:xlink=\"http:\/\/www.w3.org\/1999\/xlink\" id=\"shopping-cart\" viewBox=\"0 0 1664 1896.0833\"><path d=\"M640 1536q0 52-38 90t-90 38-90-38-38-90 38-90 90-38 90 38 38 90zm896 0q0 52-38 90t-90 38-90-38-38-90 38-90 90-38 90 38 38 90zm128-1088v512q0 24-16.5 42.5T1607 1024L563 1146q13 60 13 70 0 16-24 64h920q26 0 45 19t19 45-19 45-45 19H448q-26 0-45-19t-19-45q0-11 8-31.5t16-36 21.5-40T445 1207L268 384H64q-26 0-45-19T0 320t19-45 45-19h256q16 0 28.5 6.5T368 278t13 24.5 8 26 5.5 29.5 4.5 26h1201q26 0 45 19t19 45z\"><\/path><\/svg><\/span><\/div>\n            <div\n              data-colibri-id=\"375-c14\" class=\"h-global-transition-all h-heading style-257 style-local-375-c14 position-relative h-element\">\n              <!---->\n              <div class=\"h-heading__outer style-257 style-local-375-c14\">\n                <!---->\n                <!---->\n                <h5 class=\"\">\u0130LET\u0130S\u0130M<\/h5>\n              <\/div>\n          <\/div>\n          <div data-colibri-id=\"375-c15\" class=\"h-text h-text-component style-258 style-local-375-c15 position-relative h-element\">\n            <!---->\n            <!---->\n            <div class=\"\">\n              <p><span style=\"font-weight: 400; font-size: 14px; font-family: Raleway, sans-serif; color: rgb(0, 0, 0);\">6106\/9 sokak no:7 Egemenlik Mah. P\u0131narbas\u0131, Izmir, Turkey (0232) 375 1994<\/span><\/p>\n            <\/div>\n          <\/div>\n        <\/div>\n      <\/div>\n    <\/div>\n  <\/div>\n<\/div>\n<\/div>\n<\/div>\n<div data-colibri-component=\"section\" data-colibri-id=\"375-c16\" id=\"content\" class=\"h-section h-section-global-spacing d-flex align-items-lg-center align-items-md-center align-items-center style-209 style-local-375-c16 h-overflow-hidden position-relative\">\n  <!---->\n  <!---->\n  <div class=\"h-section-grid-container h-section-fluid-container\">\n    <!---->\n    <div data-colibri-id=\"375-c17\" class=\"h-row-container gutters-row-lg-0 gutters-row-md-0 gutters-row-2 gutters-row-v-lg-0 gutters-row-v-md-0 gutters-row-v-2 style-210 style-local-375-c17 position-relative\">\n      <!---->\n      <div class=\"h-row justify-content-lg-center justify-content-md-center justify-content-center align-items-lg-stretch align-items-md-stretch align-items-stretch gutters-col-lg-0 gutters-col-md-0 gutters-col-2 gutters-col-v-lg-0 gutters-col-v-md-0 gutters-col-v-2\">\n        <!---->\n        <div class=\"h-column h-column-container d-flex h-col-lg-auto h-col-md-auto h-col-auto style-211-outer style-local-375-c18-outer\">\n          <div data-colibri-id=\"375-c18\" class=\"d-flex h-flex-basis h-column__inner h-ui-empty-state-container h-px-lg-0 h-px-md-0 h-px-0 v-inner-lg-0 v-inner-md-0 v-inner-0 style-211 style-local-375-c18 position-relative\">\n            <!---->\n            <!---->\n            <div class=\"w-100 h-y-container h-column__content h-column__v-align flex-basis-100\">\n              <!---->\n            <\/div>\n          <\/div>\n        <\/div>\n        <div class=\"h-column h-column-container d-flex h-col-lg-auto h-col-md-auto h-col-auto style-212-outer style-local-375-c19-outer\">\n          <div data-colibri-id=\"375-c19\" class=\"d-flex h-flex-basis h-column__inner h-px-lg-0 h-px-md-0 h-px-0 v-inner-lg-0 v-inner-md-0 v-inner-0 style-212 style-local-375-c19 position-relative\">\n            <!---->\n            <!---->\n            <div class=\"w-100 h-y-container h-column__content h-column__v-align flex-basis-100 align-self-lg-start align-self-md-start align-self-start\">\n              <!---->\n              <div data-colibri-id=\"375-c20\" class=\"h-global-transition-all h-heading style-214 style-local-375-c20 position-relative h-element\">\n                <!---->\n                <div class=\"h-heading__outer style-214 style-local-375-c20\">\n                  <!---->\n                  <!---->\n                  <h2 class=\"\">Hakk\u0131m\u0131zda<\/h2>\n                <\/div>\n              <\/div>\n              <div data-colibri-id=\"375-c21\" class=\"h-text h-text-component style-215 style-local-375-c21 position-relative h-element\">\n                <!---->\n                <!---->\n                <div class=\"\">\n                  <p>\u00c7a\u011f\u0131ral Makina, 1987\u2019li y\u0131llarda 1.sanayi sitesinde i\u015f hayat\u0131na ba\u015flam\u0131\u015ft\u0131r. \u00c7a\u011f\u0131ral Makina\u2019n\u0131n k\u00fc\u00e7\u00fck bir torna at\u00f6lyesi olarak ba\u015flad\u0131\u011f\u0131 yolculu\u011fu, zaman i\u00e7inde ve m\u00fc\u015fteri beklentileri do\u011frultusunda \u015fekillenerek; bug\u00fcn CNC tezgahlar\n                    ile son derece modern \u00fcretim tekniklerinin kullan\u0131ld\u0131\u011f\u0131 ve hassas kalite kontrol s\u00fcre\u00e7lerinin yer ald\u0131\u011f\u0131 bir duruma ula\u015fm\u0131\u015ft\u0131r.<\/p>\n                  <p>\u0130lk ad\u0131m olarak, artan tezgah kapasitesi ile birlikte 2000 y\u0131l\u0131 ba\u015flar\u0131nda 4. Sanayi Sitesi\u2019nde 600 m2\u2019lik at\u00f6lye de hizmet vermeye devam edilmi\u015ftir. 2007 y\u0131l\u0131ndan itibaren, alan\u0131nda ba\u015far\u0131l\u0131 \u00e7al\u0131\u015fmalar yapm\u0131\u015f olan \u00d6ZE\u015e firmas\u0131 b\u00fcnyeye\n                    kat\u0131lm\u0131\u015ft\u0131r. Y\u0131llar i\u00e7inde m\u00fc\u015fteri takdirleri do\u011frultusunda daha da artan i\u015f hacmi, \u00c7a\u011f\u0131ral Makine\u2019yi bug\u00fcn D\u00f6k\u00fcmc\u00fcler Sitesinde yer alan modern fabrikas\u0131na ta\u015f\u0131nmas\u0131 ile sonu\u00e7lanm\u0131\u015ft\u0131r.<\/p>\n                  <p>\n                    <br>\n                  <\/p>\n                <\/div>\n              <\/div>\n              <div data-colibri-id=\"375-c22\" class=\"h-row-container gutters-row-lg-2 gutters-row-md-2 gutters-row-0 gutters-row-v-lg-2 gutters-row-v-md-2 gutters-row-v-2 style-225 style-local-375-c22 position-relative\">\n                <!---->\n                <div class=\"h-row justify-content-lg-center justify-content-md-center justify-content-center align-items-lg-stretch align-items-md-stretch align-items-stretch gutters-col-lg-2 gutters-col-md-2 gutters-col-0 gutters-col-v-lg-2 gutters-col-v-md-2 gutters-col-v-2\">\n                  <!---->\n                  <div class=\"h-column h-column-container d-flex h-col-lg-auto h-col-md-auto h-col-auto style-226-outer style-local-375-c23-outer\">\n                    <div data-colibri-id=\"375-c23\" class=\"d-flex h-flex-basis h-column__inner h-ui-empty-state-container h-px-lg-2 h-px-md-2 h-px-2 v-inner-lg-2 v-inner-md-2 v-inner-2 style-226 style-local-375-c23 position-relative\">\n                      <!---->\n                      <!---->\n                      <div class=\"w-100 h-y-container h-column__content h-column__v-align flex-basis-100\">\n                        <!---->\n                      <\/div>\n                    <\/div>\n                  <\/div>\n                <\/div>\n              <\/div>\n            <\/div>\n          <\/div>\n        <\/div>\n      <\/div>\n    <\/div>\n  <\/div>\n<\/div>\n<\/div>","protected":false},"excerpt":{"rendered":"<p>HAKK\u0130M\u0130ZDA \u00c7a\u011f\u0131ral Makina \u00dcR\u00dcNLER\u0130M\u0130Z Vanalar \u0130LET\u0130S\u0130M 6106\/9 sokak no:7 Egemenlik Mah. P\u0131narbas\u0131, Izmir, Turkey (0232) 375 1994 Hakk\u0131m\u0131zda \u00c7a\u011f\u0131ral Makina, 1987\u2019li y\u0131llarda 1.sanayi sitesinde i\u015f hayat\u0131na ba\u015flam\u0131\u015ft\u0131r. \u00c7a\u011f\u0131ral Makina\u2019n\u0131n k\u00fc\u00e7\u00fck bir torna at\u00f6lyesi olarak ba\u015flad\u0131\u011f\u0131 yolculu\u011fu, zaman i\u00e7inde ve m\u00fc\u015fteri beklentileri do\u011frultusunda \u015fekillenerek; bug\u00fcn CNC tezgahlar ile son derece modern \u00fcretim tekniklerinin kullan\u0131ld\u0131\u011f\u0131 ve hassas [&hellip;]<\/p>\n","protected":false},"author":2,"featured_media":0,"parent":0,"menu_order":0,"comment_status":"closed","ping_status":"closed","template":"page-templates\/homepage.php","meta":{"footnotes":""},"class_list":["post-375","page","type-page","status-publish","hentry"],"_links":{"self":[{"href":"https:\/\/www.cagiralmakina.com\/index.php?rest_route=\/wp\/v2\/pages\/375","targetHints":{"allow":["GET"]}}],"collection":[{"href":"https:\/\/www.cagiralmakina.com\/index.php?rest_route=\/wp\/v2\/pages"}],"about":[{"href":"https:\/\/www.cagiralmakina.com\/index.php?rest_route=\/wp\/v2\/types\/page"}],"author":[{"embeddable":true,"href":"https:\/\/www.cagiralmakina.com\/index.php?rest_route=\/wp\/v2\/users\/2"}],"replies":[{"embeddable":true,"href":"https:\/\/www.cagiralmakina.com\/index.php?rest_route=%2Fwp%2Fv2%2Fcomments&post=375"}],"version-history":[{"count":9,"href":"https:\/\/www.cagiralmakina.com\/index.php?rest_route=\/wp\/v2\/pages\/375\/revisions"}],"predecessor-version":[{"id":577,"href":"https:\/\/www.cagiralmakina.com\/index.php?rest_route=\/wp\/v2\/pages\/375\/revisions\/577"}],"wp:attachment":[{"href":"https:\/\/www.cagiralmakina.com\/index.php?rest_route=%2Fwp%2Fv2%2Fmedia&parent=375"}],"curies":[{"name":"wp","href":"https:\/\/api.w.org\/{rel}","templated":true}]}}