{"id":29,"date":"2016-04-27T23:35:49","date_gmt":"2016-04-27T20:35:49","guid":{"rendered":"http:\/\/www.normvalves.com\/cagiral\/wordpress\/?page_id=29"},"modified":"2016-07-11T15:34:04","modified_gmt":"2016-07-11T12:34:04","slug":"makina-parkuru","status":"publish","type":"page","link":"https:\/\/www.cagiralmakina.com\/?page_id=29","title":{"rendered":"Makina Parkuru"},"content":{"rendered":"<table border=\"0\" width=\"600\">\n<tbody>\n<tr>\n<td>1) QUASER MV 154 APC\/E CNC D\u0130K \u0130\u015eLEME MERKEZ\u0130-(\u00c7\u0130FT PALET) 800x500x500\u00a0 &#8211;\u00a0 8\u2019\u2019 D\u0130V\u0130Z\u00d6R<\/td>\n<td style=\"text-align: left;\">1 ADET<\/td>\n<\/tr>\n<tr>\n<td>2) QUASER CNC D\u0130K \u0130\u015eLEME MERKEZ\u0130-1000x650x600\u00a0 &#8211;\u00a0 10\u2019\u2019 D\u0130V\u0130Z\u00d6R<\/td>\n<td style=\"text-align: left;\">1 ADET<\/td>\n<\/tr>\n<tr>\n<td>3) TOPPER CNC D\u0130K \u0130\u015eLEME MERKEZ\u0130 (1000x500x500 )<\/td>\n<td style=\"text-align: left;\">1 ADET<\/td>\n<\/tr>\n<tr>\n<td>4) AKIRA SEIKI D\u0130K \u0130\u015eLEM MERKEZ\u0130<\/td>\n<td style=\"text-align: left;\">1 ADET<\/td>\n<\/tr>\n<tr>\n<td>5) KITIGAWA D\u0130K \u0130\u015eLEM MERKEZ\u0130<\/td>\n<td style=\"text-align: left;\">1 ADET<\/td>\n<\/tr>\n<tr>\n<td>6) TAKISAWA CNC TORNA EX\u2013110 \u015eANZ.10\u2019\u2019 (\u00d8400&#215;700)<\/td>\n<td style=\"text-align: left;\">1 ADET<\/td>\n<\/tr>\n<tr>\n<td>7) TAKISAWA\u00a0 CNC TORNA\u00a0 EX-108 (\u00d8320&#215;550)8\u201d<\/td>\n<td style=\"text-align: left;\">2ADET<\/td>\n<\/tr>\n<tr>\n<td>8) KITIGAWA CNC TORNA X-108\u00a0\u00a0\u00a0\u00a0 8\u2019\u2019<\/td>\n<td style=\"text-align: left;\">1 ADET<\/td>\n<\/tr>\n<tr>\n<td>9) GA 2000 GOODWAY CNC TORNA (\u00d8 360&#215;600)\u00a0 8\u2019\u2019<\/td>\n<td style=\"text-align: left;\">1 ADET<\/td>\n<\/tr>\n<tr>\n<td>10) LEADWELL\u00a0 LTC 20 AP CNC TORNA (\u00d8350&#215;550) 8\u2019\u2019<\/td>\n<td style=\"text-align: left;\">2 ADET<\/td>\n<\/tr>\n<tr>\n<td>11) LEADWELL\u00a0 LT\u201310 CNC TORNA (\u00d8250&#215;300) 8\u2019\u2019<\/td>\n<td style=\"text-align: left;\">1 ADET<\/td>\n<\/tr>\n<tr>\n<td>12) GEMINI GT5-42 GANKLI TORNA<\/td>\n<td style=\"text-align: left;\">1 ADET<\/td>\n<\/tr>\n<tr>\n<td>13) 2 METREL\u0130K TOS TORNA\u00a0 &#8211; \u00d8500<\/td>\n<td style=\"text-align: left;\">1 ADET<\/td>\n<\/tr>\n<tr>\n<td>14) 1 METREL\u0130K TOS TORNA &#8211;\u00a0 \u00d8500<\/td>\n<td style=\"text-align: left;\">1 ADET<\/td>\n<\/tr>\n<tr>\n<td>15) UNIVERSAL TORNA TEZGAHI (\u00d8500&#215;1500)<\/td>\n<td style=\"text-align: left;\">1 ADET<\/td>\n<\/tr>\n<tr>\n<td>16) KALIP\u00c7I FREZES\u0130 (800x500x500)<\/td>\n<td style=\"text-align: left;\">3 ADET<\/td>\n<\/tr>\n<tr>\n<td>17) 30 TONLUK EKSANTR\u0130K PRES<\/td>\n<td style=\"text-align: left;\">1 ADET<\/td>\n<\/tr>\n<tr>\n<td>18) 30 TONLUK H\u0130DROL\u0130K PRES<\/td>\n<td style=\"text-align: left;\">1 ADET<\/td>\n<\/tr>\n<tr>\n<td>19) 40\u2019LIK KAMSAN REVOLVER<\/td>\n<td style=\"text-align: left;\">1 ADET<\/td>\n<\/tr>\n<tr>\n<td>20) \u015eANZUMANLI MATKAP<\/td>\n<td style=\"text-align: left;\">3 ADET<\/td>\n<\/tr>\n<tr>\n<td>21) S\u00dcTUNLU\u00a0 MATKAP<\/td>\n<td style=\"text-align: left;\">4 ADET<\/td>\n<\/tr>\n<tr>\n<td>22) \u00d8360 TAM OTOMAT\u0130K \u015eER\u0130T TESTERE TEZGAHI<\/td>\n<td style=\"text-align: left;\">3 ADET<\/td>\n<\/tr>\n<tr>\n<td>23) CARMAR \u2013RATIONAL CRJ\u20134025 W PROF\u0130L PROJEKT\u00d6R-\u00d6L\u00c7\u00dcM C\u0130HAZI<\/td>\n<td style=\"text-align: left;\">1 ADET<\/td>\n<\/tr>\n<tr>\n<td>24) T-FLEX PARAMETR\u0130C CAD VE SURFCAM L\u0130SANSLI PROGRAM<\/td>\n<td style=\"text-align: left;\">1 ADET<\/td>\n<\/tr>\n<\/tbody>\n<\/table>\n","protected":false},"excerpt":{"rendered":"<p>1) QUASER MV 154 APC\/E CNC D\u0130K \u0130\u015eLEME MERKEZ\u0130-(\u00c7\u0130FT PALET) 800x500x500\u00a0 &#8211;\u00a0 8\u2019\u2019 D\u0130V\u0130Z\u00d6R 1 ADET 2) QUASER CNC D\u0130K \u0130\u015eLEME MERKEZ\u0130-1000x650x600\u00a0 &#8211;\u00a0 10\u2019\u2019 D\u0130V\u0130Z\u00d6R 1 ADET 3) TOPPER CNC D\u0130K \u0130\u015eLEME MERKEZ\u0130 (1000x500x500 ) 1 ADET 4) AKIRA SEIKI D\u0130K \u0130\u015eLEM MERKEZ\u0130 1 ADET 5) KITIGAWA D\u0130K \u0130\u015eLEM MERKEZ\u0130 1 ADET 6) TAKISAWA CNC [&hellip;]<\/p>\n","protected":false},"author":1,"featured_media":0,"parent":0,"menu_order":0,"comment_status":"open","ping_status":"open","template":"","meta":{"footnotes":""},"class_list":["post-29","page","type-page","status-publish","hentry"],"_links":{"self":[{"href":"https:\/\/www.cagiralmakina.com\/index.php?rest_route=\/wp\/v2\/pages\/29","targetHints":{"allow":["GET"]}}],"collection":[{"href":"https:\/\/www.cagiralmakina.com\/index.php?rest_route=\/wp\/v2\/pages"}],"about":[{"href":"https:\/\/www.cagiralmakina.com\/index.php?rest_route=\/wp\/v2\/types\/page"}],"author":[{"embeddable":true,"href":"https:\/\/www.cagiralmakina.com\/index.php?rest_route=\/wp\/v2\/users\/1"}],"replies":[{"embeddable":true,"href":"https:\/\/www.cagiralmakina.com\/index.php?rest_route=%2Fwp%2Fv2%2Fcomments&post=29"}],"version-history":[{"count":16,"href":"https:\/\/www.cagiralmakina.com\/index.php?rest_route=\/wp\/v2\/pages\/29\/revisions"}],"predecessor-version":[{"id":303,"href":"https:\/\/www.cagiralmakina.com\/index.php?rest_route=\/wp\/v2\/pages\/29\/revisions\/303"}],"wp:attachment":[{"href":"https:\/\/www.cagiralmakina.com\/index.php?rest_route=%2Fwp%2Fv2%2Fmedia&parent=29"}],"curies":[{"name":"wp","href":"https:\/\/api.w.org\/{rel}","templated":true}]}}