{"id":27,"date":"2016-04-27T23:30:17","date_gmt":"2016-04-27T20:30:17","guid":{"rendered":"http:\/\/www.normvalves.com\/cagiral\/wordpress\/?page_id=27"},"modified":"2022-08-12T13:42:21","modified_gmt":"2022-08-12T10:42:21","slug":"ozes-makina-referanslar","status":"publish","type":"page","link":"https:\/\/www.cagiralmakina.com\/?page_id=27","title":{"rendered":"\u00d6ze\u015f Makina Referanslar"},"content":{"rendered":"<ul>\n<li>\u00a0\u00a0\u00a0\u00a0 CEVHER D\u00d6K\u00dcM<\/li>\n<li>\u00a0\u00a0\u00a0\u00a0 ERGUN H\u0130DROL\u0130K(POWER PACKER)(AKH\u0130SAR)<\/li>\n<li>\u00a0\u00a0\u00a0\u00a0 PEKER Y\u00dcZEY TASARIMLARI (BELENCO)(MAN\u0130SA)<\/li>\n<li>\u00a0\u00a0\u00a0\u00a0 CEVHER JANT (GAZ\u0130EM\u0130R SERBEST B\u00d6LGE)<\/li>\n<li>\u00a0\u00a0\u00a0\u00a0 ARNES MAK\u0130NA<\/li>\n<li>\u00a0\u00a0\u00a0\u00a0 AYTEK MAK\u0130NA<\/li>\n<li>\u00a0\u00a0\u00a0\u00a0 AY YILDIZ MAK\u0130NA<\/li>\n<li>\u00a0\u00a0\u00a0\u00a0 DARDANEL SU \u00dcR\u00dcNLER\u0130<\/li>\n<li>\u00a0\u00a0\u00a0\u00a0 \u0130LMAK H\u0130DROL\u0130K<\/li>\n<li>\u00a0\u00a0\u00a0\u00a0 KARTEM MAK\u0130NA<\/li>\n<li>\u00a0\u00a0\u00a0\u00a0 POL\u0130TEK A.\u015e<\/li>\n<\/ul>\n","protected":false},"excerpt":{"rendered":"<p>\u00a0\u00a0\u00a0\u00a0 CEVHER D\u00d6K\u00dcM \u00a0\u00a0\u00a0\u00a0 ERGUN H\u0130DROL\u0130K(POWER PACKER)(AKH\u0130SAR) \u00a0\u00a0\u00a0\u00a0 PEKER Y\u00dcZEY TASARIMLARI (BELENCO)(MAN\u0130SA) \u00a0\u00a0\u00a0\u00a0 CEVHER JANT (GAZ\u0130EM\u0130R SERBEST B\u00d6LGE) \u00a0\u00a0\u00a0\u00a0 ARNES MAK\u0130NA \u00a0\u00a0\u00a0\u00a0 AYTEK MAK\u0130NA \u00a0\u00a0\u00a0\u00a0 AY YILDIZ MAK\u0130NA \u00a0\u00a0\u00a0\u00a0 DARDANEL SU \u00dcR\u00dcNLER\u0130 \u00a0\u00a0\u00a0\u00a0 \u0130LMAK H\u0130DROL\u0130K \u00a0\u00a0\u00a0\u00a0 KARTEM MAK\u0130NA \u00a0\u00a0\u00a0\u00a0 POL\u0130TEK A.\u015e<\/p>\n","protected":false},"author":1,"featured_media":0,"parent":0,"menu_order":0,"comment_status":"open","ping_status":"open","template":"","meta":{"footnotes":""},"class_list":["post-27","page","type-page","status-publish","hentry"],"_links":{"self":[{"href":"https:\/\/www.cagiralmakina.com\/index.php?rest_route=\/wp\/v2\/pages\/27","targetHints":{"allow":["GET"]}}],"collection":[{"href":"https:\/\/www.cagiralmakina.com\/index.php?rest_route=\/wp\/v2\/pages"}],"about":[{"href":"https:\/\/www.cagiralmakina.com\/index.php?rest_route=\/wp\/v2\/types\/page"}],"author":[{"embeddable":true,"href":"https:\/\/www.cagiralmakina.com\/index.php?rest_route=\/wp\/v2\/users\/1"}],"replies":[{"embeddable":true,"href":"https:\/\/www.cagiralmakina.com\/index.php?rest_route=%2Fwp%2Fv2%2Fcomments&post=27"}],"version-history":[{"count":6,"href":"https:\/\/www.cagiralmakina.com\/index.php?rest_route=\/wp\/v2\/pages\/27\/revisions"}],"predecessor-version":[{"id":600,"href":"https:\/\/www.cagiralmakina.com\/index.php?rest_route=\/wp\/v2\/pages\/27\/revisions\/600"}],"wp:attachment":[{"href":"https:\/\/www.cagiralmakina.com\/index.php?rest_route=%2Fwp%2Fv2%2Fmedia&parent=27"}],"curies":[{"name":"wp","href":"https:\/\/api.w.org\/{rel}","templated":true}]}}