{"id":25,"date":"2016-04-27T23:25:57","date_gmt":"2016-04-27T20:25:57","guid":{"rendered":"http:\/\/www.normvalves.com\/cagiral\/wordpress\/?page_id=25"},"modified":"2016-04-27T23:25:57","modified_gmt":"2016-04-27T20:25:57","slug":"cagiral-makina-referanslar","status":"publish","type":"page","link":"https:\/\/www.cagiralmakina.com\/?page_id=25","title":{"rendered":"\u00c7a\u011f\u0131ral Makina Referanslar"},"content":{"rendered":"<ul>\n<li>\u00a0\u00a0\u00a0 AKG YALITIM (\u00c7\u0130MSTONE)<\/li>\n<li>\u00a0\u00a0\u00a0 \u00d6ZG\u00dcR ESTELASTON(MAN\u0130SA)<\/li>\n<li>\u00a0\u00a0\u00a0 MAKTEST MAK\u0130NA<\/li>\n<li>\u00a0\u00a0\u00a0 AKG TERMOTEKN\u0130K S\u0130STEMLER\u0130<\/li>\n<li>\u00a0\u00a0\u00a0 EKTAM MAK\u0130NA<\/li>\n<li>\u00a0\u00a0\u00a0 BATI F\u0130LTRE<\/li>\n<li>\u00a0\u00a0\u00a0 SEFA MAK\u0130NA<\/li>\n<li>\u00a0\u00a0\u00a0 K\u00d6SEMAK MAK\u0130NA<\/li>\n<li>\u00a0\u00a0 \u00a0PEKBAY MAK\u0130NA<\/li>\n<li>\u00a0\u00a0\u00a0 CER\u0130\u015e MAK\u0130NA<\/li>\n<li>\u00a0\u00a0\u00a0 MART\u0130N BAUER (TORBALI)<\/li>\n<li>\u00a0\u00a0\u00a0 \u00c7ET\u0130NKAYA \u0130\u015eMAK\u0130NALARI<\/li>\n<li>\u00a0\u00a0\u00a0 CEMDA\u011e KOMPRAS\u00d6R<\/li>\n<li>\u00a0\u00a0\u00a0 DEM\u0130REL TORNA<\/li>\n<li>\u00a0\u00a0\u00a0 \u00c7AKIR KROM<\/li>\n<li>\u00a0\u00a0\u00a0 ALTERNAT\u0130F MERMER<\/li>\n<li>\u00a0\u00a0\u00a0 \u00d6Z\u0130MEKS<\/li>\n<li>\u00a0\u00a0 \u00a0SEL\u00c7UK \u015eEKER KOMPRAS\u00d6R(EL\u0130T KOMPRAS\u00d6R)<\/li>\n<li>\u00a0\u00a0\u00a0 \u00d6Z \u00c7ARDAK MAK\u0130NA<\/li>\n<li>\u00a0\u00a0\u00a0 YILDIZ D\u00d6K\u00dcM<\/li>\n<li>\u00a0\u00a0\u00a0 AKIMSAN ELEKTR\u0130K<\/li>\n<li>\u00a0\u00a0\u00a0 \u00c7A\u011eDA\u015e BAKAL\u0130T<\/li>\n<li>\u00a0\u00a0\u00a0 DELTA D\u00d6K\u00dcM<\/li>\n<li>\u00a0\u00a0\u00a0 ERG\u00dcVEN \u0130N\u015eAAT<\/li>\n<li>\u00a0\u00a0\u00a0 S\u00dcPER PAR A.\u015e.<\/li>\n<li>\u00a0\u00a0\u00a0 T\u00dcMER METAL<\/li>\n<li>\u00a0\u00a0\u00a0 \u0130B-ER MAK\u0130NA<\/li>\n<li>\u00a0\u00a0\u00a0 YORULMAZ YAT SERV\u0130S<\/li>\n<li>\u00a0 \u00a0 \u015eENMAR KAYNAK<\/li>\n<\/ul>\n","protected":false},"excerpt":{"rendered":"<p>\u00a0\u00a0\u00a0 AKG YALITIM (\u00c7\u0130MSTONE) \u00a0\u00a0\u00a0 \u00d6ZG\u00dcR ESTELASTON(MAN\u0130SA) \u00a0\u00a0\u00a0 MAKTEST MAK\u0130NA \u00a0\u00a0\u00a0 AKG TERMOTEKN\u0130K S\u0130STEMLER\u0130 \u00a0\u00a0\u00a0 EKTAM MAK\u0130NA \u00a0\u00a0\u00a0 BATI F\u0130LTRE \u00a0\u00a0\u00a0 SEFA MAK\u0130NA \u00a0\u00a0\u00a0 K\u00d6SEMAK MAK\u0130NA \u00a0\u00a0 \u00a0PEKBAY MAK\u0130NA \u00a0\u00a0\u00a0 CER\u0130\u015e MAK\u0130NA \u00a0\u00a0\u00a0 MART\u0130N BAUER (TORBALI) \u00a0\u00a0\u00a0 \u00c7ET\u0130NKAYA \u0130\u015eMAK\u0130NALARI \u00a0\u00a0\u00a0 CEMDA\u011e KOMPRAS\u00d6R \u00a0\u00a0\u00a0 DEM\u0130REL TORNA \u00a0\u00a0\u00a0 \u00c7AKIR KROM \u00a0\u00a0\u00a0 ALTERNAT\u0130F MERMER \u00a0\u00a0\u00a0 \u00d6Z\u0130MEKS \u00a0\u00a0 \u00a0SEL\u00c7UK [&hellip;]<\/p>\n","protected":false},"author":1,"featured_media":0,"parent":0,"menu_order":0,"comment_status":"open","ping_status":"open","template":"","meta":{"footnotes":""},"class_list":["post-25","page","type-page","status-publish","hentry"],"_links":{"self":[{"href":"https:\/\/www.cagiralmakina.com\/index.php?rest_route=\/wp\/v2\/pages\/25","targetHints":{"allow":["GET"]}}],"collection":[{"href":"https:\/\/www.cagiralmakina.com\/index.php?rest_route=\/wp\/v2\/pages"}],"about":[{"href":"https:\/\/www.cagiralmakina.com\/index.php?rest_route=\/wp\/v2\/types\/page"}],"author":[{"embeddable":true,"href":"https:\/\/www.cagiralmakina.com\/index.php?rest_route=\/wp\/v2\/users\/1"}],"replies":[{"embeddable":true,"href":"https:\/\/www.cagiralmakina.com\/index.php?rest_route=%2Fwp%2Fv2%2Fcomments&post=25"}],"version-history":[{"count":1,"href":"https:\/\/www.cagiralmakina.com\/index.php?rest_route=\/wp\/v2\/pages\/25\/revisions"}],"predecessor-version":[{"id":26,"href":"https:\/\/www.cagiralmakina.com\/index.php?rest_route=\/wp\/v2\/pages\/25\/revisions\/26"}],"wp:attachment":[{"href":"https:\/\/www.cagiralmakina.com\/index.php?rest_route=%2Fwp%2Fv2%2Fmedia&parent=25"}],"curies":[{"name":"wp","href":"https:\/\/api.w.org\/{rel}","templated":true}]}}