{"id":17,"date":"2016-04-27T23:02:08","date_gmt":"2016-04-27T20:02:08","guid":{"rendered":"http:\/\/www.normvalves.com\/cagiral\/wordpress\/?page_id=17"},"modified":"2022-04-17T21:23:20","modified_gmt":"2022-04-17T18:23:20","slug":"hakkimizda","status":"publish","type":"page","link":"https:\/\/www.cagiralmakina.com\/?page_id=17","title":{"rendered":"Hakk\u0131m\u0131zda"},"content":{"rendered":"<p class=\"p1\">\u00c7a\u011f\u0131ral Makina, 1987\u2019li y\u0131llarda 1.sanayi sitesinde i\u015f hayat\u0131na ba\u015flam\u0131\u015ft\u0131r. \u00c7a\u011f\u0131ral Makina\u2019n\u0131n k\u00fc\u00e7\u00fck bir torna at\u00f6lyesi olarak ba\u015flad\u0131\u011f\u0131 yolculu\u011fu, zaman i\u00e7inde ve m\u00fc\u015fteri beklentileri do\u011frultusunda \u015fekillenerek; bug\u00fcn CNC tezgahlar ile son derece modern \u00fcretim tekniklerinin kullan\u0131ld\u0131\u011f\u0131 ve hassas kalite kontrol s\u00fcre\u00e7lerinin yer ald\u0131\u011f\u0131 bir duruma ula\u015fm\u0131\u015ft\u0131r.<br \/>\n\u0130lk ad\u0131m olarak, artan tezgah kapasitesi ile birlikte 2000 y\u0131l\u0131 ba\u015flar\u0131nda 4. Sanayi Sitesi\u2019nde 600 m2\u2019lik at\u00f6lye de hizmet vermeye devam edilmi\u015ftir. 2007 y\u0131l\u0131ndan itibaren, alan\u0131nda ba\u015far\u0131l\u0131 \u00e7al\u0131\u015fmalar yapm\u0131\u015f olan \u00d6ZE\u015e firmas\u0131 b\u00fcnyeye kat\u0131lm\u0131\u015ft\u0131r. Y\u0131llar i\u00e7inde m\u00fc\u015fteri takdirleri do\u011frultusunda daha da artan i\u015f hacmi, \u00c7a\u011f\u0131ral Makine\u2019yi bug\u00fcn D\u00f6k\u00fcmc\u00fcler Sitesinde yer alan modern fabrikas\u0131na ta\u015f\u0131nmas\u0131 ile sonu\u00e7lanm\u0131\u015ft\u0131r.<\/p>\n","protected":false},"excerpt":{"rendered":"<p>\u00c7a\u011f\u0131ral Makina, 1987\u2019li y\u0131llarda 1.sanayi sitesinde i\u015f hayat\u0131na ba\u015flam\u0131\u015ft\u0131r. \u00c7a\u011f\u0131ral Makina\u2019n\u0131n k\u00fc\u00e7\u00fck bir torna at\u00f6lyesi olarak ba\u015flad\u0131\u011f\u0131 yolculu\u011fu, zaman i\u00e7inde ve m\u00fc\u015fteri beklentileri do\u011frultusunda \u015fekillenerek; bug\u00fcn CNC tezgahlar ile son derece modern \u00fcretim tekniklerinin kullan\u0131ld\u0131\u011f\u0131 ve hassas kalite kontrol s\u00fcre\u00e7lerinin yer ald\u0131\u011f\u0131 bir duruma ula\u015fm\u0131\u015ft\u0131r. \u0130lk ad\u0131m olarak, artan tezgah kapasitesi ile birlikte 2000 y\u0131l\u0131 [&hellip;]<\/p>\n","protected":false},"author":1,"featured_media":0,"parent":0,"menu_order":0,"comment_status":"open","ping_status":"closed","template":"","meta":{"footnotes":""},"class_list":["post-17","page","type-page","status-publish","hentry"],"_links":{"self":[{"href":"https:\/\/www.cagiralmakina.com\/index.php?rest_route=\/wp\/v2\/pages\/17","targetHints":{"allow":["GET"]}}],"collection":[{"href":"https:\/\/www.cagiralmakina.com\/index.php?rest_route=\/wp\/v2\/pages"}],"about":[{"href":"https:\/\/www.cagiralmakina.com\/index.php?rest_route=\/wp\/v2\/types\/page"}],"author":[{"embeddable":true,"href":"https:\/\/www.cagiralmakina.com\/index.php?rest_route=\/wp\/v2\/users\/1"}],"replies":[{"embeddable":true,"href":"https:\/\/www.cagiralmakina.com\/index.php?rest_route=%2Fwp%2Fv2%2Fcomments&post=17"}],"version-history":[{"count":8,"href":"https:\/\/www.cagiralmakina.com\/index.php?rest_route=\/wp\/v2\/pages\/17\/revisions"}],"predecessor-version":[{"id":560,"href":"https:\/\/www.cagiralmakina.com\/index.php?rest_route=\/wp\/v2\/pages\/17\/revisions\/560"}],"wp:attachment":[{"href":"https:\/\/www.cagiralmakina.com\/index.php?rest_route=%2Fwp%2Fv2%2Fmedia&parent=17"}],"curies":[{"name":"wp","href":"https:\/\/api.w.org\/{rel}","templated":true}]}}